{"id":3958,"date":"2022-08-03T21:09:27","date_gmt":"2022-08-03T19:09:27","guid":{"rendered":"https:\/\/gruen-leben.com\/?page_id=3958"},"modified":"2023-04-08T23:26:35","modified_gmt":"2023-04-08T21:26:35","slug":"angebotsanfrage","status":"publish","type":"page","link":"https:\/\/gruen-leben.com\/en\/angebotsanfrage\/","title":{"rendered":"Angebotsanfrage"},"content":{"rendered":"\t\t<div data-elementor-type=\"wp-page\" data-elementor-id=\"3958\" class=\"elementor elementor-3958\">\n\t\t\t\t\t\t<section class=\"elementor-section elementor-top-section elementor-element elementor-element-b1ece64 elementor-section-boxed elementor-section-height-default elementor-section-height-default\" data-id=\"b1ece64\" data-element_type=\"section\">\n\t\t\t\t\t\t<div class=\"elementor-container elementor-column-gap-default\">\n\t\t\t\t\t<div class=\"elementor-column elementor-col-100 elementor-top-column elementor-element elementor-element-9f6d7a3\" data-id=\"9f6d7a3\" data-element_type=\"column\">\n\t\t\t<div class=\"elementor-widget-wrap elementor-element-populated\">\n\t\t\t\t\t\t<div class=\"elementor-element elementor-element-6ae6e91 elementor-widget elementor-widget-text-editor\" data-id=\"6ae6e91\" data-element_type=\"widget\" data-widget_type=\"text-editor.default\">\n\t\t\t\t<div class=\"elementor-widget-container\">\n\t\t\t\t\t\t\t<p><div id=\"tripetto-runner-c418265d\"><\/div><script>(function(t,r,i,p){var a=i.getElementById(t.element),b=t.bundles.map(function(s){return t.uri+s+\".js?ver=8.0.10\"}),c=function(d){d.forEach(function(e){if(!r[e]){var b=i.createElement(p);r[e]=true;b.src=e;a.parentNode.insertBefore(b,a)}})};(function(f){f(f)})(function(f){c([b[0]]);typeof r[t.namespaces[0]]!==\"undefined\"&&t.namespaces.filter(function(s){c(b);return typeof r[s]===\"undefined\"}).length===0?WPTripettoRunner.run(t):setTimeout(function(){f(f)},1)});})({\"reference\":\"4ff76bf4e564db57dffc315c73f943aba2d1b66dee444f17e7186e8c12355706\",\"runner\":\"classic\",\"element\":\"tripetto-runner-c418265d\",\"fullPage\":false,\"pausable\":true,\"persistent\":true,\"pro\":false,\"css\":\"\",\"className\":\"\",\"width\":\"\",\"height\":\"\",\"language\":\"en_GB\",\"url\":\"https:\\\/\\\/gruen-leben.com\\\/wp-admin\\\/admin-ajax.php\",\"uri\":\"https:\\\/\\\/gruen-leben.com\\\/wp-content\\\/plugins\\\/tripetto-pro\",\"bundles\":[\"\\\/vendors\\\/tripetto-runner\",\"\\\/vendors\\\/tripetto-runner-classic\",\"\\\/js\\\/wp-tripetto-runner\"],\"namespaces\":[\"TripettoRunner\",\"TripettoClassic\",\"WPTripettoRunner\"]},window,document,\"script\");<\/script><noscript>Normally you should see a Tripetto form over here, but it needs JavaScript to run properly and it seems that is disabled in your browser. Please enable JavaScript to see and use the form.<\/noscript><\/p>\t\t\t\t\t\t<\/div>\n\t\t\t\t<\/div>\n\t\t\t\t\t<\/div>\n\t\t<\/div>\n\t\t\t\t\t<\/div>\n\t\t<\/section>\n\t\t\t\t<section class=\"elementor-section elementor-top-section elementor-element elementor-element-0c8e7bf elementor-section-content-middle elementor-section-boxed elementor-section-height-default elementor-section-height-default\" data-id=\"0c8e7bf\" data-element_type=\"section\" data-settings=\"{&quot;background_background&quot;:&quot;classic&quot;}\">\n\t\t\t\t\t\t<div class=\"elementor-container elementor-column-gap-no\">\n\t\t\t\t\t<div class=\"elementor-column elementor-col-100 elementor-top-column elementor-element elementor-element-4a36500\" data-id=\"4a36500\" data-element_type=\"column\">\n\t\t\t<div class=\"elementor-widget-wrap elementor-element-populated\">\n\t\t\t\t\t\t<div class=\"elementor-element elementor-element-35e5893 elementor-widget elementor-widget-heading\" data-id=\"35e5893\" data-element_type=\"widget\" data-widget_type=\"heading.default\">\n\t\t\t\t<div class=\"elementor-widget-container\">\n\t\t\t<h3 class=\"elementor-heading-title elementor-size-default\">Sie w\u00fcnschen pers\u00f6nliche Beratung?<\/h3>\t\t<\/div>\n\t\t\t\t<\/div>\n\t\t\t\t<div class=\"elementor-element elementor-element-857ec25 elementor-widget elementor-widget-heading\" data-id=\"857ec25\" data-element_type=\"widget\" data-widget_type=\"heading.default\">\n\t\t\t\t<div class=\"elementor-widget-container\">\n\t\t\t<h4 class=\"elementor-heading-title elementor-size-default\">Vereinbaren Sie hier einfach und bequem Ihren Wunschtermin.<\/h4>\t\t<\/div>\n\t\t\t\t<\/div>\n\t\t\t\t<div class=\"elementor-element elementor-element-b111f57 elementor-widget elementor-widget-text-editor\" data-id=\"b111f57\" data-element_type=\"widget\" data-widget_type=\"text-editor.default\">\n\t\t\t\t<div class=\"elementor-widget-container\">\n\t\t\t\t\t\t\t<p style=\"text-align: center;\"><span>Unsere Kundenberater verf\u00fcgen \u00fcber ein hohes Fachwissen und viel Erfahrungen und k\u00f6nnen Sie bei der Planung Ihrer Anlage in technischen und wirtschaftlichen Fragen optimal beraten.<\/span><\/p>\t\t\t\t\t\t<\/div>\n\t\t\t\t<\/div>\n\t\t\t\t<div class=\"elementor-element elementor-element-a1a3949 elementor-align-center elementor-widget elementor-widget-button\" data-id=\"a1a3949\" data-element_type=\"widget\" data-widget_type=\"button.default\">\n\t\t\t\t<div class=\"elementor-widget-container\">\n\t\t\t\t\t\t\t<div class=\"elementor-button-wrapper\">\n\t\t\t\t\t<a class=\"elementor-button elementor-button-link elementor-size-sm elementor-animation-grow\" href=\"https:\/\/gruen-leben.com\/beratungstermin\/\">\n\t\t\t\t\t\t<span class=\"elementor-button-content-wrapper\">\n\t\t\t\t\t\t\t\t\t<span class=\"elementor-button-text\">Termin vereinbaren<\/span>\n\t\t\t\t\t<\/span>\n\t\t\t\t\t<\/a>\n\t\t\t\t<\/div>\n\t\t\t\t\t\t<\/div>\n\t\t\t\t<\/div>\n\t\t\t\t\t<\/div>\n\t\t<\/div>\n\t\t\t\t\t<\/div>\n\t\t<\/section>\n\t\t\t\t<\/div>\n\t\t","protected":false},"excerpt":{"rendered":"<p>Sie w\u00fcnschen pers\u00f6nliche Beratung? Vereinbaren Sie hier einfach und bequem Ihren Wunschtermin. Unsere Kundenberater verf\u00fcgen \u00fcber ein hohes Fachwissen und viel Erfahrungen und k\u00f6nnen Sie bei der Planung Ihrer Anlage in technischen und wirtschaftlichen Fragen optimal beraten. Termin vereinbaren<\/p>","protected":false},"author":1,"featured_media":0,"parent":0,"menu_order":0,"comment_status":"closed","ping_status":"closed","template":"","meta":{"footnotes":""},"class_list":["post-3958","page","type-page","status-publish","hentry"],"_links":{"self":[{"href":"https:\/\/gruen-leben.com\/en\/wp-json\/wp\/v2\/pages\/3958","targetHints":{"allow":["GET"]}}],"collection":[{"href":"https:\/\/gruen-leben.com\/en\/wp-json\/wp\/v2\/pages"}],"about":[{"href":"https:\/\/gruen-leben.com\/en\/wp-json\/wp\/v2\/types\/page"}],"author":[{"embeddable":true,"href":"https:\/\/gruen-leben.com\/en\/wp-json\/wp\/v2\/users\/1"}],"replies":[{"embeddable":true,"href":"https:\/\/gruen-leben.com\/en\/wp-json\/wp\/v2\/comments?post=3958"}],"version-history":[{"count":3,"href":"https:\/\/gruen-leben.com\/en\/wp-json\/wp\/v2\/pages\/3958\/revisions"}],"predecessor-version":[{"id":5507,"href":"https:\/\/gruen-leben.com\/en\/wp-json\/wp\/v2\/pages\/3958\/revisions\/5507"}],"wp:attachment":[{"href":"https:\/\/gruen-leben.com\/en\/wp-json\/wp\/v2\/media?parent=3958"}],"curies":[{"name":"wp","href":"https:\/\/api.w.org\/{rel}","templated":true}]}}