{"id":2967,"date":"2022-07-28T11:41:58","date_gmt":"2022-07-28T09:41:58","guid":{"rendered":"https:\/\/gruen-leben.com\/?page_id=2967"},"modified":"2022-08-12T15:21:39","modified_gmt":"2022-08-12T13:21:39","slug":"elektromobilitaet","status":"publish","type":"page","link":"https:\/\/gruen-leben.com\/en\/elektromobilitaet\/","title":{"rendered":"Electric mobility"},"content":{"rendered":"<div data-elementor-type=\"wp-page\" data-elementor-id=\"2967\" class=\"elementor elementor-2967\">\n\t\t\t\t\t\t<section class=\"elementor-section elementor-top-section elementor-element elementor-element-2cb3f92 elementor-section-content-middle elementor-section-boxed elementor-section-height-default elementor-section-height-default\" data-id=\"2cb3f92\" data-element_type=\"section\" data-settings=\"{&quot;background_background&quot;:&quot;classic&quot;}\">\n\t\t\t\t\t\t<div class=\"elementor-container elementor-column-gap-no\">\n\t\t\t\t\t<div class=\"elementor-column elementor-col-33 elementor-top-column elementor-element elementor-element-25eadd57\" data-id=\"25eadd57\" data-element_type=\"column\">\n\t\t\t<div class=\"elementor-widget-wrap elementor-element-populated\">\n\t\t\t\t\t\t<div class=\"elementor-element elementor-element-542af52e elementor-widget elementor-widget-heading\" data-id=\"542af52e\" data-element_type=\"widget\" data-widget_type=\"heading.default\">\n\t\t\t\t<div class=\"elementor-widget-container\">\n\t\t\t<h1 class=\"elementor-heading-title elementor-size-default\">ELECTROMOBILITY- GL-ELECTRICITY Plus<\/h1>\t\t<\/div>\n\t\t\t\t<\/div>\n\t\t\t\t<div class=\"elementor-element elementor-element-c2656f4 elementor-widget elementor-widget-heading\" data-id=\"c2656f4\" data-element_type=\"widget\" data-widget_type=\"heading.default\">\n\t\t\t\t<div class=\"elementor-widget-container\">\n\t\t\t<h3 class=\"elementor-heading-title elementor-size-default\">Reach your goal with solar power<\/h3>\t\t<\/div>\n\t\t\t\t<\/div>\n\t\t\t\t<div class=\"elementor-element elementor-element-da3cb2 elementor-widget-divider--view-line elementor-widget elementor-widget-divider\" data-id=\"da3cb2\" data-element_type=\"widget\" data-widget_type=\"divider.default\">\n\t\t\t\t<div class=\"elementor-widget-container\">\n\t\t\t\t\t<div class=\"elementor-divider\">\n\t\t\t<span class=\"elementor-divider-separator\">\n\t\t\t\t\t\t<\/span>\n\t\t<\/div>\n\t\t\t\t<\/div>\n\t\t\t\t<\/div>\n\t\t\t\t<div class=\"elementor-element elementor-element-790dcffc elementor-widget elementor-widget-text-editor\" data-id=\"790dcffc\" data-element_type=\"widget\" data-widget_type=\"text-editor.default\">\n\t\t\t\t<div class=\"elementor-widget-container\">\n\t\t\t\t\t\t\t<p>With our<strong> GL-STROM Plus Home <\/strong>system for private <a href=\"https:\/\/gruen-leben.com\/en\/eigenheim\/\">Your Own Home<\/a> or <strong>GL-STROM Plus Business<\/strong> for <a href=\"https:\/\/gruen-leben.com\/en\/gewerbe-und-industrie\/\">commercial and industrial operations,<\/a> you can charge your commercial vehicle or company car in a maximally environmentally friendly way. You save mobility costs and increase the economic efficiency of your PV system at the same time.\u00a0<\/p>\t\t\t\t\t\t<\/div>\n\t\t\t\t<\/div>\n\t\t\t\t<div class=\"elementor-element elementor-element-f3016ae elementor-widget elementor-widget-wgl-button\" data-id=\"f3016ae\" data-element_type=\"widget\" data-widget_type=\"wgl-button.default\">\n\t\t\t\t<div class=\"elementor-widget-container\">\n\t\t\t\t\t<div class=\"elementor-button-wrapper elementor-button-icon\">\r\n\t\t\t<a class=\"elementor-button-link wgl-button elementor-button button-size-lg\" href=\"#angebot\" role=\"button\">\t\t\t\t<div class=\"button-content-wrapper\">\r\n\t\t\t\t\t\t\t\t\t\t<span class=\"elementor-button-text\">Get Quote Now<\/span>\r\n\t\t\t\t<\/div>\r\n\t\t\t\t<\/a>\r\n\t\t<\/div>\r\n\t\t\t\t<\/div>\n\t\t\t\t<\/div>\n\t\t\t\t\t<\/div>\n\t\t<\/div>\n\t\t\t\t<div class=\"elementor-column elementor-col-33 elementor-top-column elementor-element elementor-element-24c8be65\" data-id=\"24c8be65\" data-element_type=\"column\">\n\t\t\t<div class=\"elementor-widget-wrap elementor-element-populated\">\n\t\t\t\t\t\t<div class=\"elementor-element elementor-element-29f0b8e elementor-widget elementor-widget-image\" data-id=\"29f0b8e\" data-element_type=\"widget\" data-widget_type=\"image.default\">\n\t\t\t\t<div class=\"elementor-widget-container\">\n\t\t\t\t\t\t\t\t\t\t\t\t\t<img fetchpriority=\"high\" decoding=\"async\" width=\"551\" height=\"826\" src=\"https:\/\/gruen-leben.com\/wp-content\/uploads\/2022\/07\/Elektromobilitaet-E-Autos.png\" class=\"elementor-animation-grow attachment-full size-full wp-image-3212\" alt=\"Elektromobilit\u00e4t-E-Autos\" srcset=\"https:\/\/gruen-leben.com\/wp-content\/uploads\/2022\/07\/Elektromobilitaet-E-Autos.png 551w, https:\/\/gruen-leben.com\/wp-content\/uploads\/2022\/07\/Elektromobilitaet-E-Autos-200x300.png 200w\" sizes=\"(max-width: 551px) 100vw, 551px\" \/>\t\t\t\t\t\t\t\t\t\t\t\t\t<\/div>\n\t\t\t\t<\/div>\n\t\t\t\t<div class=\"elementor-element elementor-element-132b8c9 elementor-widget elementor-widget-text-editor\" data-id=\"132b8c9\" data-element_type=\"widget\" data-widget_type=\"text-editor.default\">\n\t\t\t\t<div class=\"elementor-widget-container\">\n\t\t\t\t\t\t\t<p>To reap the full environmental benefits of electric cars, the electricity must be generated from renewable energy sources - otherwise the total<br \/>CO2 emissions may be even higher than those of conventional cars.\u00a0<\/p>\t\t\t\t\t\t<\/div>\n\t\t\t\t<\/div>\n\t\t\t\t\t<\/div>\n\t\t<\/div>\n\t\t\t\t<div class=\"elementor-column elementor-col-33 elementor-top-column elementor-element elementor-element-60a1e3f2\" data-id=\"60a1e3f2\" data-element_type=\"column\">\n\t\t\t<div class=\"elementor-widget-wrap elementor-element-populated\">\n\t\t\t\t\t\t<div class=\"elementor-element elementor-element-14fdea90 elementor-widget elementor-widget-text-editor\" data-id=\"14fdea90\" data-element_type=\"widget\" data-widget_type=\"text-editor.default\">\n\t\t\t\t<div class=\"elementor-widget-container\">\n\t\t\t\t\t\t\t<p>For this reason, Gr\u00fcn leben GmbH offers the e-mobility package exclusively in combination with a photovoltaic system.<\/p>\t\t\t\t\t\t<\/div>\n\t\t\t\t<\/div>\n\t\t\t\t<div class=\"elementor-element elementor-element-5715daf3 elementor-widget elementor-widget-image\" data-id=\"5715daf3\" data-element_type=\"widget\" data-widget_type=\"image.default\">\n\t\t\t\t<div class=\"elementor-widget-container\">\n\t\t\t\t\t\t\t\t\t\t\t\t\t<img decoding=\"async\" width=\"577\" height=\"866\" src=\"https:\/\/gruen-leben.com\/wp-content\/uploads\/2022\/07\/E-mobilitaet-E-Autos.png\" class=\"elementor-animation-grow attachment-full size-full wp-image-3213\" alt=\"E-mobilit\u00e4t-E-Autos\" srcset=\"https:\/\/gruen-leben.com\/wp-content\/uploads\/2022\/07\/E-mobilitaet-E-Autos.png 577w, https:\/\/gruen-leben.com\/wp-content\/uploads\/2022\/07\/E-mobilitaet-E-Autos-200x300.png 200w\" sizes=\"(max-width: 577px) 100vw, 577px\" \/>\t\t\t\t\t\t\t\t\t\t\t\t\t<\/div>\n\t\t\t\t<\/div>\n\t\t\t\t\t<\/div>\n\t\t<\/div>\n\t\t\t\t\t<\/div>\n\t\t<\/section>\n\t\t\t\t<section class=\"elementor-section elementor-top-section elementor-element elementor-element-604b60ca elementor-section-content-middle elementor-section-boxed elementor-section-height-default elementor-section-height-default\" data-id=\"604b60ca\" data-element_type=\"section\">\n\t\t\t\t\t\t<div class=\"elementor-container elementor-column-gap-no\">\n\t\t\t\t\t<div class=\"elementor-column elementor-col-100 elementor-top-column elementor-element elementor-element-5d5da452\" data-id=\"5d5da452\" data-element_type=\"column\">\n\t\t\t<div class=\"elementor-widget-wrap elementor-element-populated\">\n\t\t\t\t\t\t<div class=\"elementor-element elementor-element-37bd8475 elementor-widget elementor-widget-heading\" data-id=\"37bd8475\" data-element_type=\"widget\" data-widget_type=\"heading.default\">\n\t\t\t\t<div class=\"elementor-widget-container\">\n\t\t\t<h4 class=\"elementor-heading-title elementor-size-default\">E-SHARGING SOLUTION<\/h4>\t\t<\/div>\n\t\t\t\t<\/div>\n\t\t\t\t<section class=\"elementor-section elementor-inner-section elementor-element elementor-element-61541139 elementor-section-content-middle elementor-reverse-mobile elementor-section-boxed elementor-section-height-default elementor-section-height-default\" data-id=\"61541139\" data-element_type=\"section\">\n\t\t\t\t\t\t<div class=\"elementor-container elementor-column-gap-no\">\n\t\t\t\t\t<div class=\"elementor-column elementor-col-50 elementor-inner-column elementor-element elementor-element-636f32bc\" data-id=\"636f32bc\" data-element_type=\"column\">\n\t\t\t<div class=\"elementor-widget-wrap elementor-element-populated\">\n\t\t\t\t\t\t<div class=\"elementor-element elementor-element-6b026013 elementor-widget elementor-widget-heading\" data-id=\"6b026013\" data-element_type=\"widget\" data-widget_type=\"heading.default\">\n\t\t\t\t<div class=\"elementor-widget-container\">\n\t\t\t<h2 class=\"elementor-heading-title elementor-size-default\">GL-ELECTRICITY Plus<\/h2>\t\t<\/div>\n\t\t\t\t<\/div>\n\t\t\t\t<div class=\"elementor-element elementor-element-465e7855 elementor-widget elementor-widget-text-editor\" data-id=\"465e7855\" data-element_type=\"widget\" data-widget_type=\"text-editor.default\">\n\t\t\t\t<div class=\"elementor-widget-container\">\n\t\t\t\t\t\t\t<p style=\"text-align: left;\">Of course, an electric car is only really good for our environment if it is charged with renewable energy, ideally of course with electricity from our own roof.<\/p><p style=\"text-align: left;\">Our <strong>GL-ELECTRICITY Plus<\/strong> system solution with the combination of photovoltaics and e-mobility\u00a0<span style=\"font-size: 16px;\">The GL-ELECTRICITY Plus variants range from simple solutions without energy management to intelligent charging solutions that enable dynamic surplus charging and thus the optimal use of self-generated solar power.\u00a0<\/span><\/p>\t\t\t\t\t\t<\/div>\n\t\t\t\t<\/div>\n\t\t\t\t\t<\/div>\n\t\t<\/div>\n\t\t\t\t<div class=\"elementor-column elementor-col-50 elementor-inner-column elementor-element elementor-element-6f2a3b1\" data-id=\"6f2a3b1\" data-element_type=\"column\">\n\t\t\t<div class=\"elementor-widget-wrap elementor-element-populated\">\n\t\t\t\t\t\t<div class=\"elementor-element elementor-element-77257eca elementor-widget elementor-widget-image\" data-id=\"77257eca\" data-element_type=\"widget\" data-widget_type=\"image.default\">\n\t\t\t\t<div class=\"elementor-widget-container\">\n\t\t\t\t\t\t\t\t\t\t\t\t\t<img decoding=\"async\" width=\"667\" height=\"667\" src=\"https:\/\/gruen-leben.com\/wp-content\/uploads\/2022\/08\/Solar-Photvoltaik-Anlage-Wallbox-Ladesaeule-E-Mobilitaet.png\" class=\"attachment-large size-large wp-image-4401\" alt=\"Solar-Photvoltaik-Anlage-Wallbox-Ladesaeule-E-Mobilitaet\" srcset=\"https:\/\/gruen-leben.com\/wp-content\/uploads\/2022\/08\/Solar-Photvoltaik-Anlage-Wallbox-Ladesaeule-E-Mobilitaet.png 667w, https:\/\/gruen-leben.com\/wp-content\/uploads\/2022\/08\/Solar-Photvoltaik-Anlage-Wallbox-Ladesaeule-E-Mobilitaet-300x300.png 300w, https:\/\/gruen-leben.com\/wp-content\/uploads\/2022\/08\/Solar-Photvoltaik-Anlage-Wallbox-Ladesaeule-E-Mobilitaet-150x150.png 150w, https:\/\/gruen-leben.com\/wp-content\/uploads\/2022\/08\/Solar-Photvoltaik-Anlage-Wallbox-Ladesaeule-E-Mobilitaet-440x440.png 440w, https:\/\/gruen-leben.com\/wp-content\/uploads\/2022\/08\/Solar-Photvoltaik-Anlage-Wallbox-Ladesaeule-E-Mobilitaet-180x180.png 180w, https:\/\/gruen-leben.com\/wp-content\/uploads\/2022\/08\/Solar-Photvoltaik-Anlage-Wallbox-Ladesaeule-E-Mobilitaet-120x120.png 120w\" sizes=\"(max-width: 667px) 100vw, 667px\" \/>\t\t\t\t\t\t\t\t\t\t\t\t\t<\/div>\n\t\t\t\t<\/div>\n\t\t\t\t\t<\/div>\n\t\t<\/div>\n\t\t\t\t\t<\/div>\n\t\t<\/section>\n\t\t\t\t\t<\/div>\n\t\t<\/div>\n\t\t\t\t\t<\/div>\n\t\t<\/section>\n\t\t\t\t<section class=\"elementor-section elementor-top-section elementor-element elementor-element-806e991 elementor-section-content-middle elementor-section-boxed elementor-section-height-default elementor-section-height-default\" data-id=\"806e991\" data-element_type=\"section\" data-settings=\"{&quot;background_background&quot;:&quot;classic&quot;}\">\n\t\t\t\t\t\t<div class=\"elementor-container elementor-column-gap-no\">\n\t\t\t\t\t<div class=\"elementor-column elementor-col-50 elementor-top-column elementor-element elementor-element-5cdfac7\" data-id=\"5cdfac7\" data-element_type=\"column\">\n\t\t\t<div class=\"elementor-widget-wrap elementor-element-populated\">\n\t\t\t\t\t\t<div class=\"elementor-element elementor-element-8c010da elementor-widget elementor-widget-text-editor\" data-id=\"8c010da\" data-element_type=\"widget\" data-widget_type=\"text-editor.default\">\n\t\t\t\t<div class=\"elementor-widget-container\">\n\t\t\t\t\t\t\t<p id=\"vor--und-nachteile-von-erneuerbaren-energien-hybridheizungen\" class=\"jumplink\">THE COMBINATION OF E-MOBILITY AND PV SYSTEMS<\/p>\t\t\t\t\t\t<\/div>\n\t\t\t\t<\/div>\n\t\t\t\t<div class=\"elementor-element elementor-element-f260b40 elementor-widget elementor-widget-heading\" data-id=\"f260b40\" data-element_type=\"widget\" data-widget_type=\"heading.default\">\n\t\t\t\t<div class=\"elementor-widget-container\">\n\t\t\t<h3 class=\"elementor-heading-title elementor-size-default\">ADVANTAGES OF COMBINING<br>E-MOBILITY WITH YOUR OWN PV ELECTRICITY<\/h3>\t\t<\/div>\n\t\t\t\t<\/div>\n\t\t\t\t<div class=\"elementor-element elementor-element-b2d6524 elementor-widget-divider--view-line elementor-widget elementor-widget-divider\" data-id=\"b2d6524\" data-element_type=\"widget\" data-widget_type=\"divider.default\">\n\t\t\t\t<div class=\"elementor-widget-container\">\n\t\t\t\t\t<div class=\"elementor-divider\">\n\t\t\t<span class=\"elementor-divider-separator\">\n\t\t\t\t\t\t<\/span>\n\t\t<\/div>\n\t\t\t\t<\/div>\n\t\t\t\t<\/div>\n\t\t\t\t\t<\/div>\n\t\t<\/div>\n\t\t\t\t<div class=\"elementor-column elementor-col-50 elementor-top-column elementor-element elementor-element-bade9d9\" data-id=\"bade9d9\" data-element_type=\"column\">\n\t\t\t<div class=\"elementor-widget-wrap elementor-element-populated\">\n\t\t\t\t\t\t<div class=\"elementor-element elementor-element-8f5e884 elementor-widget elementor-widget-text-editor\" data-id=\"8f5e884\" data-element_type=\"widget\" data-widget_type=\"text-editor.default\">\n\t\t\t\t<div class=\"elementor-widget-container\">\n\t\t\t\t\t\t\t<ul><li>E-vehicles can be charged directly with their own PV electricity<br \/>during the day<\/li><li>The combination of e-mobility and PV systems can help to optimise the farm's load profile, avoid peak loads and thus reduce costs.<\/li><li>With a stationary PV storage system, use can be shifted to the evening and night hours.<\/li><li>Companies gain independence from external<br \/>such as fluctuating electricity prices or uncertain<br \/>fuel prices.<\/li><li>Companies can charge their company vehicle fleets<br \/>cost-effectively and at prices that can be calculated over the long term.<\/li><li>Companies make a valuable contribution to the local energy transition.<\/li><li>Combinations of PV power generation and e-mobility can form an important building block for a comprehensive corporate sustainability strategy.<\/li><li>The conversion to e-mobility in company fleets makes it possible to fundamentally question and optimise company mobility.<\/li><\/ul>\t\t\t\t\t\t<\/div>\n\t\t\t\t<\/div>\n\t\t\t\t\t<\/div>\n\t\t<\/div>\n\t\t\t\t\t<\/div>\n\t\t<\/section>\n\t\t\t\t<section class=\"elementor-section elementor-top-section elementor-element elementor-element-586f6ec elementor-section-content-middle elementor-section-boxed elementor-section-height-default elementor-section-height-default\" data-id=\"586f6ec\" data-element_type=\"section\" data-settings=\"{&quot;background_background&quot;:&quot;classic&quot;}\">\n\t\t\t\t\t\t<div class=\"elementor-container elementor-column-gap-no\">\n\t\t\t\t\t<div class=\"elementor-column elementor-col-100 elementor-top-column elementor-element elementor-element-b98d5b4\" data-id=\"b98d5b4\" data-element_type=\"column\">\n\t\t\t<div class=\"elementor-widget-wrap elementor-element-populated\">\n\t\t\t\t\t\t<div class=\"elementor-element elementor-element-7ef1811 elementor-widget elementor-widget-heading\" data-id=\"7ef1811\" data-element_type=\"widget\" data-widget_type=\"heading.default\">\n\t\t\t\t<div class=\"elementor-widget-container\">\n\t\t\t<h4 class=\"elementor-heading-title elementor-size-default\">Request a Quote<\/h4>\t\t<\/div>\n\t\t\t\t<\/div>\n\t\t\t\t<div class=\"elementor-element elementor-element-21248a7 elementor-widget elementor-widget-heading\" data-id=\"21248a7\" data-element_type=\"widget\" data-widget_type=\"heading.default\">\n\t\t\t\t<div class=\"elementor-widget-container\">\n\t\t\t<h6 class=\"elementor-heading-title elementor-size-default\">Request your personal and non-binding quote now!<\/h6>\t\t<\/div>\n\t\t\t\t<\/div>\n\t\t\t\t<div class=\"elementor-element elementor-element-0e923bc elementor-widget elementor-widget-text-editor\" data-id=\"0e923bc\" data-element_type=\"widget\" data-widget_type=\"text-editor.default\">\n\t\t\t\t<div class=\"elementor-widget-container\">\n\t\t\t\t\t\t\t<p><span>You want to generate your own <a href=\"https:\/\/gruen-leben.com\/en\/strom\/\">Electricity<\/a> und Ihre eigene <a href=\"https:\/\/gruen-leben.com\/en\/waerme\/\">Heat<\/a> from solar energy? Here you will find your customized photovoltaic and solar thermal system also in combination with heat pump and <a href=\"https:\/\/gruen-leben.com\/en\/elektromobilitaet\/\">Electric mobility<\/a> charging device. <\/span><\/p>\t\t\t\t\t\t<\/div>\n\t\t\t\t<\/div>\n\t\t\t\t<div class=\"elementor-element elementor-element-3022b00 elementor-align-center elementor-widget elementor-widget-button\" data-id=\"3022b00\" data-element_type=\"widget\" data-widget_type=\"button.default\">\n\t\t\t\t<div class=\"elementor-widget-container\">\n\t\t\t\t\t\t\t<div class=\"elementor-button-wrapper\">\n\t\t\t\t\t<a class=\"elementor-button elementor-button-link elementor-size-sm elementor-animation-grow\" href=\"https:\/\/gruen-leben.com\/en\/angebotsanfrage\/\">\n\t\t\t\t\t\t<span class=\"elementor-button-content-wrapper\">\n\t\t\t\t\t\t\t\t\t<span class=\"elementor-button-text\">Request a Quote<\/span>\n\t\t\t\t\t<\/span>\n\t\t\t\t\t<\/a>\n\t\t\t\t<\/div>\n\t\t\t\t\t\t<\/div>\n\t\t\t\t<\/div>\n\t\t\t\t\t<\/div>\n\t\t<\/div>\n\t\t\t\t\t<\/div>\n\t\t<\/section>\n\t\t\t\t<section class=\"elementor-section elementor-top-section elementor-element elementor-element-b3fc546 elementor-section-content-middle elementor-section-boxed elementor-section-height-default elementor-section-height-default\" data-id=\"b3fc546\" data-element_type=\"section\" data-settings=\"{&quot;background_background&quot;:&quot;classic&quot;}\">\n\t\t\t\t\t\t<div class=\"elementor-container elementor-column-gap-no\">\n\t\t\t\t\t<div class=\"elementor-column elementor-col-100 elementor-top-column elementor-element elementor-element-b325ac3\" data-id=\"b325ac3\" data-element_type=\"column\">\n\t\t\t<div class=\"elementor-widget-wrap elementor-element-populated\">\n\t\t\t\t\t\t<div class=\"elementor-element elementor-element-2972483 elementor-widget elementor-widget-heading\" data-id=\"2972483\" data-element_type=\"widget\" data-widget_type=\"heading.default\">\n\t\t\t\t<div class=\"elementor-widget-container\">\n\t\t\t<h5 class=\"elementor-heading-title elementor-size-default\">Would you like personal advice?<\/h5>\t\t<\/div>\n\t\t\t\t<\/div>\n\t\t\t\t<div class=\"elementor-element elementor-element-4b78102 elementor-widget elementor-widget-heading\" data-id=\"4b78102\" data-element_type=\"widget\" data-widget_type=\"heading.default\">\n\t\t\t\t<div class=\"elementor-widget-container\">\n\t\t\t<h6 class=\"elementor-heading-title elementor-size-default\">Arrange your desired appointment easily and conveniently here.<\/h6>\t\t<\/div>\n\t\t\t\t<\/div>\n\t\t\t\t<div class=\"elementor-element elementor-element-4280a10 elementor-widget elementor-widget-text-editor\" data-id=\"4280a10\" data-element_type=\"widget\" data-widget_type=\"text-editor.default\">\n\t\t\t\t<div class=\"elementor-widget-container\">\n\t\t\t\t\t\t\t<p style=\"text-align: center;\"><span>Our customer consultants have a high level of expertise and a lot of experience and can provide you with the best possible advice on technical and economic issues when planning your plant.<\/span><\/p>\t\t\t\t\t\t<\/div>\n\t\t\t\t<\/div>\n\t\t\t\t<div class=\"elementor-element elementor-element-e60a763 elementor-align-center elementor-widget elementor-widget-button\" data-id=\"e60a763\" data-element_type=\"widget\" data-widget_type=\"button.default\">\n\t\t\t\t<div class=\"elementor-widget-container\">\n\t\t\t\t\t\t\t<div class=\"elementor-button-wrapper\">\n\t\t\t\t\t<a class=\"elementor-button elementor-button-link elementor-size-sm elementor-animation-grow\" href=\"https:\/\/gruen-leben.com\/en\/beratungstermin\/\">\n\t\t\t\t\t\t<span class=\"elementor-button-content-wrapper\">\n\t\t\t\t\t\t\t\t\t<span class=\"elementor-button-text\">Schedule appointment<\/span>\n\t\t\t\t\t<\/span>\n\t\t\t\t\t<\/a>\n\t\t\t\t<\/div>\n\t\t\t\t\t\t<\/div>\n\t\t\t\t<\/div>\n\t\t\t\t\t<\/div>\n\t\t<\/div>\n\t\t\t\t\t<\/div>\n\t\t<\/section>\n\t\t\t\t<\/div>","protected":false},"excerpt":{"rendered":"<p>Elektromobilit\u00e4t &#8211; GL-STROM Plus Erreichen Sie Ihr Ziel mit dem Solarstrom Mit unserem System GL-STROM Plus Home f\u00fcr den Eigenheim oder GL-STROM Plus Business f\u00fcr die Gewerbe und Industriebetriebe laden Sie Ihr Nutzfahrzeug oder Dienstwagen maximal Umweltfreundlich. Sie sparen Mobilit\u00e4tskosten und erh\u00f6hen die Wirtschaftlichkeit Ihrer PV-Anlage gleichzeitig.\u00a0 Jetzt Angebot einholen Um die vollen \u00f6kologischen Vorteile [&hellip;]<\/p>\n","protected":false},"author":1,"featured_media":0,"parent":0,"menu_order":0,"comment_status":"closed","ping_status":"closed","template":"","meta":{"footnotes":""},"class_list":["post-2967","page","type-page","status-publish","hentry"],"_links":{"self":[{"href":"https:\/\/gruen-leben.com\/en\/wp-json\/wp\/v2\/pages\/2967","targetHints":{"allow":["GET"]}}],"collection":[{"href":"https:\/\/gruen-leben.com\/en\/wp-json\/wp\/v2\/pages"}],"about":[{"href":"https:\/\/gruen-leben.com\/en\/wp-json\/wp\/v2\/types\/page"}],"author":[{"embeddable":true,"href":"https:\/\/gruen-leben.com\/en\/wp-json\/wp\/v2\/users\/1"}],"replies":[{"embeddable":true,"href":"https:\/\/gruen-leben.com\/en\/wp-json\/wp\/v2\/comments?post=2967"}],"version-history":[{"count":3,"href":"https:\/\/gruen-leben.com\/en\/wp-json\/wp\/v2\/pages\/2967\/revisions"}],"predecessor-version":[{"id":4918,"href":"https:\/\/gruen-leben.com\/en\/wp-json\/wp\/v2\/pages\/2967\/revisions\/4918"}],"wp:attachment":[{"href":"https:\/\/gruen-leben.com\/en\/wp-json\/wp\/v2\/media?parent=2967"}],"curies":[{"name":"wp","href":"https:\/\/api.w.org\/{rel}","templated":true}]}}