{"id":2377,"date":"2021-03-19T23:27:43","date_gmt":"2021-03-19T22:27:43","guid":{"rendered":"https:\/\/gruen-leben.com\/?page_id=2377"},"modified":"2024-01-11T15:57:05","modified_gmt":"2024-01-11T14:57:05","slug":"impressum","status":"publish","type":"page","link":"https:\/\/gruen-leben.com\/en\/impressum\/","title":{"rendered":"Imprint"},"content":{"rendered":"<div data-elementor-type=\"wp-page\" data-elementor-id=\"2377\" class=\"elementor elementor-2377\">\n\t\t\t\t\t\t<section class=\"elementor-section elementor-top-section elementor-element elementor-element-17de3fb elementor-section-boxed elementor-section-height-default elementor-section-height-default\" data-id=\"17de3fb\" data-element_type=\"section\">\n\t\t\t\t\t\t<div class=\"elementor-container elementor-column-gap-default\">\n\t\t\t\t\t<div class=\"elementor-column elementor-col-100 elementor-top-column elementor-element elementor-element-ea03fca\" data-id=\"ea03fca\" data-element_type=\"column\">\n\t\t\t<div class=\"elementor-widget-wrap elementor-element-populated\">\n\t\t\t\t\t\t<div class=\"elementor-element elementor-element-3c9c6aa divider_yes elementor-widget elementor-widget-wgl-double-headings\" data-id=\"3c9c6aa\" data-element_type=\"widget\" data-widget_type=\"wgl-double-headings.default\">\n\t\t\t\t<div class=\"elementor-widget-container\">\n\t\t\t<div class=\"wgl-double_heading acenter\"><div class=\"dbl-subtitle\"><span>With the GL-W\u00e4rme package,<\/span><\/div>\t\t\t\t<h1 class=\"dbl-title_wrapper\"><span class=\"dbl-title dbl-title_1\">Imprint<\/span> \t\t\t\t<\/h1><span class=\"dbl-title dbl-bg_text\">IMPRESSUM<\/span> \t\t<\/div>\t\t<\/div>\n\t\t\t\t<\/div>\n\t\t\t\t\t<\/div>\n\t\t<\/div>\n\t\t\t\t\t<\/div>\n\t\t<\/section>\n\t\t\t\t<section class=\"elementor-section elementor-top-section elementor-element elementor-element-041c74d elementor-section-boxed elementor-section-height-default elementor-section-height-default\" data-id=\"041c74d\" data-element_type=\"section\">\n\t\t\t\t\t\t<div class=\"elementor-container elementor-column-gap-default\">\n\t\t\t\t\t<div class=\"elementor-column elementor-col-100 elementor-top-column elementor-element elementor-element-7ce733c\" data-id=\"7ce733c\" data-element_type=\"column\">\n\t\t\t<div class=\"elementor-widget-wrap elementor-element-populated\">\n\t\t\t\t\t\t<div class=\"elementor-element elementor-element-20c1bbb elementor-widget elementor-widget-spacer\" data-id=\"20c1bbb\" data-element_type=\"widget\" data-widget_type=\"spacer.default\">\n\t\t\t\t<div class=\"elementor-widget-container\">\n\t\t\t\t\t<div class=\"elementor-spacer\">\n\t\t\t<div class=\"elementor-spacer-inner\"><\/div>\n\t\t<\/div>\n\t\t\t\t<\/div>\n\t\t\t\t<\/div>\n\t\t\t\t\t<\/div>\n\t\t<\/div>\n\t\t\t\t\t<\/div>\n\t\t<\/section>\n\t\t\t\t<section class=\"elementor-section elementor-top-section elementor-element elementor-element-c43c8ad elementor-section-boxed elementor-section-height-default elementor-section-height-default\" data-id=\"c43c8ad\" data-element_type=\"section\">\n\t\t\t\t\t\t<div class=\"elementor-container elementor-column-gap-default\">\n\t\t\t\t\t<div class=\"elementor-column elementor-col-100 elementor-top-column elementor-element elementor-element-f8e74ad\" data-id=\"f8e74ad\" data-element_type=\"column\">\n\t\t\t<div class=\"elementor-widget-wrap elementor-element-populated\">\n\t\t\t\t\t\t<div class=\"elementor-element elementor-element-e01bce4 elementor-widget__width-initial elementor-widget elementor-widget-text-editor\" data-id=\"e01bce4\" data-element_type=\"widget\" data-widget_type=\"text-editor.default\">\n\t\t\t\t<div class=\"elementor-widget-container\">\n\t\t\t\t\t\t\t<h2 id=\"m46\">Service Provider<\/h2><p>With the GL-W\u00e4rme package,<br \/>Mittelstra\u00dfe 11,<br \/>70180 Stuttgart<br \/>Deutschland<\/p><h2 id=\"m56\">Contact options<\/h2><p>E-mail address: info@gruen-leben.com<br \/>Telephone: 0711 401 800 56<br \/>Fax: 0711 401 800 59<br \/>Contact form: https:\/\/gruen-leben.com\/kontakt\/ <a href=\"https:\/\/gruen-leben.com\/en\/kontakt\/\" target=\"_blank\" rel=\"noopener\">https:\/\/gruen-leben.com\/kontakt\/<\/a>.<\/p><h2 id=\"m153\">Authorized Representative<\/h2><p>Authorized Representative: Managing Director Wassim Ayoubi.<\/p><h2 id=\"m58\">Company Information<\/h2><p>VAT identification number (VAT ID): DE291902299\u00a0. <strong>DE291902299<\/strong> .<\/p><h2 id=\"m151\">Register and register number<\/h2><p>Commercial register<\/p><p>Kept at: Stuttgart Local Court.<\/p><p>Number: HRB 746019. <strong>Number: HRB 746019.<\/strong>.<\/p><h2 id=\"m172\">Social media and other online presences<\/h2><p>This imprint also applies to the following social media presences and online profiles:<br \/><a href=\"https:\/\/www.facebook.com\/GruenLeben\" target=\"_blank\" rel=\"noopener\">https:\/\/www.facebook.com\/GruenLeben<\/a><\/p><p><a href=\"https:\/\/twitter.com\/gruenleben1\" target=\"_blank\" rel=\"noopener\">https:\/\/twitter.com\/gruenleben1<\/a><\/p><p><a href=\"https:\/\/www.instagram.com\/grunlebengmbh\/\" target=\"_blank\" rel=\"noopener\">https:\/\/www.instagram.com\/grunlebengmbh\/<\/a><\/p><h2 id=\"m65\">Liability and property rights information<\/h2><p><strong>Disclaimer:<\/strong>The contents of this online offer have been prepared carefully and in accordance with our current state of knowledge, but are for information purposes only and do not have any legally binding effect, unless it concerns legally obligatory information (e.g. the imprint, the data protection declaration, general terms and conditions or obligatory instructions for consumers). We reserve the right to change or delete the contents in whole or in part, insofar as contractual obligations remain unaffected. All offers are subject to change and non-binding.<\/p><p><strong>Links to external websites:<\/strong>The contents of external websites to which we refer directly or indirectly are outside our area of responsibility and we do not adopt them as our own. The provider of the linked websites is solely liable for all contents and in particular for damages resulting from the use of the information available on the linked websites.<\/p><p><strong>Copyrights and trademark rights:<\/strong>All contents presented on this website, such as texts, photographs, graphics, brands and trademarks are protected by the respective protective rights (copyrights, trademark rights). The use, reproduction, etc. are subject to our rights or the rights of the respective authors or rights managers.<\/p><p><strong>Information on legal violations:<\/strong>Should you notice any legal violations on our website, please inform us. We will remove illegal content and links immediately after becoming aware of them.<\/p><h2 id=\"m2537\">Advertising agency:<\/h2><p>Inspirante Werbeagentur UG (limited liability)<\/p><p>Neckarstr. 211,<\/p><p>70190 Stuttgart<\/p><p>E-mail: <a href=\"mailto:info@inspirante.de\">info@inspirante.de<\/a><br \/>Website: www.inspirante.de<\/p><h2 id=\"m169\">Picture credits<\/h2><p>Image sources and copyright notices:<\/p><p>Image and drone video sources: Envato.com \u00a9AtmosphericArts, \u00a9piktufa, \u00a9maxvvebb, \u00a9twenty20photos, \u00a9liufuyu, \u00a9vadimbad, \u00a9elxeneize, \u00a9PENDPER, \u00a9ivankmit, \u00a9AndriyASD, \u00a9anatoliy_gleb, \u00a9ABBPhoto, \u00a9microgen<\/p><p>\u00a9Viessmann, \u00a9Helio, iStock\u00a9valigursky,\u00a9Marc_Osborne, \u00a9sl-f, \u00a9Sven Loeffler<span>\u00a9valigursky<\/span>,\u00a9Marc_Osborne, \u00a9sl-f, \u00a9Sven Loeffler<\/p><p>Musik: \u00a9ULB_Production<\/p><p>Theme: \u00a9WebGeniusLab<\/p><p class=\"seal\"><a href=\"https:\/\/datenschutz-generator.de\/?l=de\" title=\"Rechtstext von Dr. Schwenke - f\u00fcr weitere Informationen bitte anklicken.\" target=\"_blank\" rel=\"noopener noreferrer nofollow\"><img fetchpriority=\"high\" decoding=\"async\" src=\"https:\/\/datenschutz-generator.de\/wp-content\/plugins\/ts-dsg\/images\/dsg-seal\/dsg-seal-ln-de.png\" alt=\"Rechtstext von Dr. Schwenke - f\u00fcr weitere Informationen bitte anklicken.\" width=\"250\" height=\"250\" \/><\/a><\/p>\t\t\t\t\t\t<\/div>\n\t\t\t\t<\/div>\n\t\t\t\t\t<\/div>\n\t\t<\/div>\n\t\t\t\t\t<\/div>\n\t\t<\/section>\n\t\t\t\t<\/div>","protected":false},"excerpt":{"rendered":"<p>Gr\u00fcn leben GmbH Impressum IMPRESSUM Diensteanbieter Gr\u00fcn leben GmbHMittelstra\u00dfe 11,70180 StuttgartDeutschland Kontaktm\u00f6glichkeiten E-Mail-Adresse: info@gruen-leben.comTelefon: 0711 401 800 56Fax: 0711 401 800 59Kontaktformular: https:\/\/gruen-leben.com\/kontakt\/. Vertretungsberechtigte Vertretungsberechtigt: Gesch\u00e4ftsf\u00fchrer Wassim Ayoubi. Angaben zum Unternehmen Umsatzsteuer Identifikationsnummer (USt-ID): DE291902299 . Register und Registernummer Handelsregister Gef\u00fchrt bei: Amtsgericht Stuttgart. Nummer: HRB 746019. Social Media und andere Onlinepr\u00e4senzen Dieses Impressum gilt [&hellip;]<\/p>\n","protected":false},"author":1,"featured_media":0,"parent":0,"menu_order":0,"comment_status":"closed","ping_status":"closed","template":"","meta":{"footnotes":""},"class_list":["post-2377","page","type-page","status-publish","hentry"],"_links":{"self":[{"href":"https:\/\/gruen-leben.com\/en\/wp-json\/wp\/v2\/pages\/2377","targetHints":{"allow":["GET"]}}],"collection":[{"href":"https:\/\/gruen-leben.com\/en\/wp-json\/wp\/v2\/pages"}],"about":[{"href":"https:\/\/gruen-leben.com\/en\/wp-json\/wp\/v2\/types\/page"}],"author":[{"embeddable":true,"href":"https:\/\/gruen-leben.com\/en\/wp-json\/wp\/v2\/users\/1"}],"replies":[{"embeddable":true,"href":"https:\/\/gruen-leben.com\/en\/wp-json\/wp\/v2\/comments?post=2377"}],"version-history":[{"count":6,"href":"https:\/\/gruen-leben.com\/en\/wp-json\/wp\/v2\/pages\/2377\/revisions"}],"predecessor-version":[{"id":5577,"href":"https:\/\/gruen-leben.com\/en\/wp-json\/wp\/v2\/pages\/2377\/revisions\/5577"}],"wp:attachment":[{"href":"https:\/\/gruen-leben.com\/en\/wp-json\/wp\/v2\/media?parent=2377"}],"curies":[{"name":"wp","href":"https:\/\/api.w.org\/{rel}","templated":true}]}}