{"id":1565,"date":"2019-12-25T14:54:45","date_gmt":"2019-12-25T14:54:45","guid":{"rendered":"https:\/\/irecco.wgl-demo.net\/?page_id=1565"},"modified":"2022-08-13T04:03:29","modified_gmt":"2022-08-13T02:03:29","slug":"startseite","status":"publish","type":"page","link":"https:\/\/gruen-leben.com\/en\/","title":{"rendered":"Startseite"},"content":{"rendered":"\t\t<div data-elementor-type=\"wp-page\" data-elementor-id=\"1565\" class=\"elementor elementor-1565\">\n\t\t\t\t<div class=\"elementor-element elementor-element-2bcbef8 e-flex e-con-boxed e-con e-parent\" data-id=\"2bcbef8\" data-element_type=\"container\">\n\t\t\t\t\t<div class=\"e-con-inner\">\n\t\t\t\t<div class=\"elementor-element elementor-element-b48e2b1 elementor-widget elementor-widget-slider_revolution\" data-id=\"b48e2b1\" data-element_type=\"widget\" data-widget_type=\"slider_revolution.default\">\n\t\t\t\t<div class=\"elementor-widget-container\">\n\t\t\t\n\t\t<div class=\"wp-block-themepunch-revslider\">\n\t\t\t<!-- START Home 3 1 REVOLUTION SLIDER 6.7.35 --><p class=\"rs-p-wp-fix\"><\/p>\n\t\t\t<rs-module-wrap id=\"rev_slider_6_1_wrapper\" data-source=\"gallery\" style=\"visibility:hidden;background:transparent;padding:0;margin:0px auto;margin-top:0;margin-bottom:0;\">\n\t\t\t\t<rs-module id=\"rev_slider_6_1\" style=\"\" data-version=\"6.7.35\">\n\t\t\t\t\t<rs-slides style=\"overflow: hidden; position: absolute;\">\n\t\t\t\t\t\t<rs-slide style=\"position: absolute;\" data-key=\"rs-12\" data-title=\"Slide\" data-anim=\"adpr:false;\" data-in=\"o:0;\" data-out=\"a:false;\">\n\t\t\t\t\t\t\t<img fetchpriority=\"high\" decoding=\"async\" src=\"\/\/gruen-leben.com\/wp-content\/plugins\/revslider\/sr6\/assets\/assets\/dummy.png\" alt=\"Gr\u00fcn leben GmbH Photovoltaik f\u00fcr den Eigenheim\" title=\"home-3_slider\" width=\"1920\" height=\"820\" class=\"rev-slidebg tp-rs-img rs-lazyload\" data-lazyload=\"\/\/gruen-leben.com\/wp-content\/uploads\/2019\/12\/home-3_slider-1.jpg\" data-parallax=\"off\" data-no-retina>\n<!--\n\t\t\t\t\t\t\t--><rs-layer\n\t\t\t\t\t\t\t\tid=\"slider-6-slide-12-layer-0\" \n\t\t\t\t\t\t\t\tdata-type=\"text\"\n\t\t\t\t\t\t\t\tdata-rsp_ch=\"on\"\n\t\t\t\t\t\t\t\tdata-xy=\"x:c;yo:229px,260px,197px,158px;\"\n\t\t\t\t\t\t\t\tdata-text=\"w:normal;s:100,82,62,50;l:100,82,62,50;fw:900;a:left,left,left,center;\"\n\t\t\t\t\t\t\t\tdata-dim=\"w:auto,auto,auto,420px;\"\n\t\t\t\t\t\t\t\tdata-frame_0=\"y:-50,-41,-31,-17px;\"\n\t\t\t\t\t\t\t\tdata-frame_1=\"st:300;sp:1100;sR:300;\"\n\t\t\t\t\t\t\t\tdata-frame_999=\"o:0;st:w;sR:7600;\"\n\t\t\t\t\t\t\t\tstyle=\"z-index:9;font-family:'Roboto';\"\n\t\t\t\t\t\t\t>durch Sonnenergie \n\t\t\t\t\t\t\t<\/rs-layer><!--\n\n\t\t\t\t\t\t\t--><rs-layer\n\t\t\t\t\t\t\t\tid=\"slider-6-slide-12-layer-1\" \n\t\t\t\t\t\t\t\tdata-type=\"text\"\n\t\t\t\t\t\t\t\tdata-rsp_ch=\"on\"\n\t\t\t\t\t\t\t\tdata-xy=\"x:c;y:t,m,m,m;yo:375px,48px,53px,32px;\"\n\t\t\t\t\t\t\t\tdata-text=\"w:normal;s:22,18,22,18;l:30,24,30,30;a:center;\"\n\t\t\t\t\t\t\t\tdata-dim=\"w:581px,479px,574px,#2\/3#;h:99.32799999999997px,81px,auto,auto;\"\n\t\t\t\t\t\t\t\tdata-frame_0=\"y:50,41,31,19;\"\n\t\t\t\t\t\t\t\tdata-frame_1=\"st:800;sp:1100;sR:800;\"\n\t\t\t\t\t\t\t\tdata-frame_999=\"o:0;st:w;sR:7100;\"\n\t\t\t\t\t\t\t\tstyle=\"z-index:10;font-family:'Roboto';\"\n\t\t\t\t\t\t\t>Werden Sie unabh\u00e4ngiger von den steigenden Strompreisen, seien Sie autark vom Stromnetz und tragen Sie zum Umweltschutz bei! \n\t\t\t\t\t\t\t<\/rs-layer><!--\n\n\t\t\t\t\t\t\t--><a\n\t\t\t\t\t\t\t\tid=\"slider-6-slide-12-layer-2\" \n\t\t\t\t\t\t\t\tclass=\"rs-layer rev-btn\"\n\t\t\t\t\t\t\t\thref=\"https:\/\/gruen-leben.com\/angebotsanfrage\/\" target=\"_self\"\n\t\t\t\t\t\t\t\tdata-type=\"button\"\n\t\t\t\t\t\t\t\tdata-rsp_ch=\"on\"\n\t\t\t\t\t\t\t\tdata-xy=\"x:c;xo:-222px,-186px,-144px,0;y:m;yo:235px,175px,180px,194px;\"\n\t\t\t\t\t\t\t\tdata-text=\"w:normal;s:18,19,14,18;l:27,29,22,29;ls:1,0,0,0;a:center;\"\n\t\t\t\t\t\t\t\tdata-dim=\"minh:0,none,none,none;\"\n\t\t\t\t\t\t\t\tdata-actions='o:click;a:menulink;target:_self;url:https:\/\/gruen-leben.com\/angebotsanfrage\/;sp:300;e:none;'\n\t\t\t\t\t\t\t\tdata-padding=\"t:16,17,14,20;r:47,52,41,56;b:16,17,14,20;l:47,52,41,56;\"\n\t\t\t\t\t\t\t\tdata-border=\"bor:30px,30px,30px,30px;\"\n\t\t\t\t\t\t\t\tdata-frame_1=\"e:power4.inOut;st:1610;sp:1200;sR:1610;\"\n\t\t\t\t\t\t\t\tdata-frame_999=\"o:0;st:w;sR:6190;\"\n\t\t\t\t\t\t\t\tdata-frame_hover=\"c:#000;bgc:#fff;bor:30px,30px,30px,30px;sp:200;e:power1.inOut;bri:120%;\"\n\t\t\t\t\t\t\t\tstyle=\"z-index:12;background-color:rgba(87,179,62,0.75);font-family:'Roboto';text-transform:uppercase;\"\n\t\t\t\t\t\t\t>aNGEBOT EINHOLEN <i class=\"fa-chevron-right\"><\/i> \n\t\t\t\t\t\t\t<\/a><!--\n\n\t\t\t\t\t\t\t--><a\n\t\t\t\t\t\t\t\tid=\"slider-6-slide-12-layer-3\" \n\t\t\t\t\t\t\t\tclass=\"rs-layer rev-btn\"\n\t\t\t\t\t\t\t\thref=\"https:\/\/gruen-leben.com\/beratungstermin\/\" target=\"_self\"\n\t\t\t\t\t\t\t\tdata-type=\"button\"\n\t\t\t\t\t\t\t\tdata-rsp_ch=\"on\"\n\t\t\t\t\t\t\t\tdata-xy=\"x:c;xo:240px,216px,172px,400px;y:m;yo:235px,175px,180px,309px;\"\n\t\t\t\t\t\t\t\tdata-text=\"w:normal;s:18,18,14,12;l:27,29,23,21;ls:1,0,0,0;a:center;\"\n\t\t\t\t\t\t\t\tdata-dim=\"minh:0,none,none,none;\"\n\t\t\t\t\t\t\t\tdata-actions='o:click;a:menulink;target:_self;url:https:\/\/gruen-leben.com\/beratungstermin\/;sp:300;e:none;'\n\t\t\t\t\t\t\t\tdata-padding=\"t:16,17,14,14;r:47,52,43,41;b:16,17,14,14;l:47,52,43,41;\"\n\t\t\t\t\t\t\t\tdata-border=\"bor:30px,30px,30px,30px;\"\n\t\t\t\t\t\t\t\tdata-frame_1=\"e:power4.inOut;st:1610;sp:1200;sR:1610;\"\n\t\t\t\t\t\t\t\tdata-frame_999=\"o:0;st:w;sR:6190;\"\n\t\t\t\t\t\t\t\tdata-frame_hover=\"c:#000;bgc:#fff;bor:30px,30px,30px,30px;sp:200;e:power1.inOut;bri:120%;\"\n\t\t\t\t\t\t\t\tstyle=\"z-index:12;background-color:rgba(87,179,62,0.75);font-family:'Roboto';text-transform:uppercase;\"\n\t\t\t\t\t\t\t>TERMIN VEREINBAREN<i class=\"fa-chevron-right\"><\/i> \n\t\t\t\t\t\t\t<\/a><!--\n\n\t\t\t\t\t\t\t--><rs-layer\n\t\t\t\t\t\t\t\tid=\"slider-6-slide-12-layer-19\" \n\t\t\t\t\t\t\t\tclass=\"rs-pxl-4\"\n\t\t\t\t\t\t\t\tdata-type=\"text\"\n\t\t\t\t\t\t\t\tdata-color=\"rgba(255, 255, 255, 0)\"\n\t\t\t\t\t\t\t\tdata-rsp_ch=\"on\"\n\t\t\t\t\t\t\t\tdata-xy=\"x:c;xo:1px,0,0,0;y:m;yo:-190px,-197px,-179px,-248px;\"\n\t\t\t\t\t\t\t\tdata-text=\"w:normal;s:180,148,140,86;l:190,156,150,92;fw:800;\"\n\t\t\t\t\t\t\t\tdata-dim=\"w:919px,758px,709px,437px;\"\n\t\t\t\t\t\t\t\tdata-frame_0=\"x:-50,-41,-31,-19;\"\n\t\t\t\t\t\t\t\tdata-frame_1=\"st:210;sp:1000;sR:210;\"\n\t\t\t\t\t\t\t\tdata-frame_999=\"o:0;st:w;sR:7790;\"\n\t\t\t\t\t\t\t\tstyle=\"z-index:8;font-family:'Poppins';text-transform:uppercase;\"\n\t\t\t\t\t\t\t><span style=\"-webkit-text-stroke-color: rgba(255, 255, 255, 0.6); -webkit-text-stroke-width: 1px;\">AUTARKIE<\/span> \n\t\t\t\t\t\t\t<\/rs-layer><!--\n-->\t\t\t\t\t<\/rs-slide>\n\t\t\t\t\t<\/rs-slides>\n\t\t\t\t\t<rs-static-layers><!--\n\t\t\t\t\t--><\/rs-static-layers>\n\t\t\t\t<\/rs-module>\n\t\t\t\t<script>\n\t\t\t\t\tsetREVStartSize({c: 'rev_slider_6_1',rl:[1240,1024,778,480],el:[700,768,600,370],gw:[1240,1024,778,480],gh:[700,768,600,600],type:'hero',justify:'',layout:'fullwidth',mh:\"0\"});if (window.RS_MODULES!==undefined && window.RS_MODULES.modules!==undefined && window.RS_MODULES.modules[\"revslider61\"]!==undefined) {window.RS_MODULES.modules[\"revslider61\"].once = false;window.revapi6 = undefined;if (window.RS_MODULES.checkMinimal!==undefined) window.RS_MODULES.checkMinimal()}\n\t\t\t\t<\/script>\n\t\t\t<\/rs-module-wrap>\n\t\t\t<!-- END REVOLUTION SLIDER -->\n<\/div>\n\n\t\t\t\t<\/div>\n\t\t\t\t<\/div>\n\t\t\t\t\t<\/div>\n\t\t\t\t<\/div>\n\t\t\t\t<section class=\"elementor-section elementor-top-section elementor-element elementor-element-6d00b43c elementor-section-content-middle elementor-section-boxed elementor-section-height-default elementor-section-height-default\" data-id=\"6d00b43c\" data-element_type=\"section\">\n\t\t\t\t\t\t<div class=\"elementor-container elementor-column-gap-no\">\n\t\t\t\t\t<div class=\"elementor-column elementor-col-100 elementor-top-column elementor-element elementor-element-6ba4dfa6\" data-id=\"6ba4dfa6\" data-element_type=\"column\">\n\t\t\t<div class=\"elementor-widget-wrap elementor-element-populated\">\n\t\t\t\t\t\t<div class=\"elementor-element elementor-element-693f436 elementor-widget elementor-widget-heading\" data-id=\"693f436\" data-element_type=\"widget\" data-widget_type=\"heading.default\">\n\t\t\t\t<div class=\"elementor-widget-container\">\n\t\t\t<h2 class=\"elementor-heading-title elementor-size-default\">Solarenergie L\u00f6sungen<\/h2>\t\t<\/div>\n\t\t\t\t<\/div>\n\t\t\t\t<div class=\"elementor-element elementor-element-5fa71b3e elementor-widget elementor-widget-heading\" data-id=\"5fa71b3e\" data-element_type=\"widget\" data-widget_type=\"heading.default\">\n\t\t\t\t<div class=\"elementor-widget-container\">\n\t\t\t<p class=\"elementor-heading-title elementor-size-default\">Ma\u00dfgeschneiderte Strom\u2013 und W\u00e4rmeerzeugung mit einer optimierten Nutzungsstrategie.<\/p>\t\t<\/div>\n\t\t\t\t<\/div>\n\t\t\t\t<section class=\"elementor-section elementor-inner-section elementor-element elementor-element-61db53d6 elementor-section-content-middle elementor-section-boxed elementor-section-height-default elementor-section-height-default\" data-id=\"61db53d6\" data-element_type=\"section\">\n\t\t\t\t\t\t<div class=\"elementor-container elementor-column-gap-default\">\n\t\t\t\t\t<div class=\"elementor-column elementor-col-33 elementor-inner-column elementor-element elementor-element-21ec0a85\" data-id=\"21ec0a85\" data-element_type=\"column\">\n\t\t\t<div class=\"elementor-widget-wrap elementor-element-populated\">\n\t\t\t\t\t\t<div class=\"elementor-element elementor-element-a48f71a elementor-widget elementor-widget-text-editor\" data-id=\"a48f71a\" data-element_type=\"widget\" data-widget_type=\"text-editor.default\">\n\t\t\t\t<div class=\"elementor-widget-container\">\n\t\t\t\t\t\t\t<p>Mit unserem Solarpaket <a href=\"https:\/\/gruen-leben.com\/strom\/\"><strong>GL-STROM<\/strong><\/a> treffen Sie die richtige Wahl, wenn Sie mit Ihrer eigenen Photovoltaik-Anlage Solarstrom erzeugen wollen.<\/p>\t\t\t\t\t\t<\/div>\n\t\t\t\t<\/div>\n\t\t\t\t\t<\/div>\n\t\t<\/div>\n\t\t\t\t<div class=\"elementor-column elementor-col-33 elementor-inner-column elementor-element elementor-element-7b1e4379\" data-id=\"7b1e4379\" data-element_type=\"column\">\n\t\t\t<div class=\"elementor-widget-wrap elementor-element-populated\">\n\t\t\t\t\t\t<div class=\"elementor-element elementor-element-e6267b9 elementor-widget elementor-widget-text-editor\" data-id=\"e6267b9\" data-element_type=\"widget\" data-widget_type=\"text-editor.default\">\n\t\t\t\t<div class=\"elementor-widget-container\">\n\t\t\t\t\t\t\t<p><span role=\"presentation\" dir=\"ltr\">Unser Packet <strong><a href=\"https:\/\/gruen-leben.com\/waerme\/\">GL-W\u00c4RME <\/a><\/strong>hat f\u00fcr jeden W\u00e4rmeenergiebedarf bzw. Heizungsbedarf das passende <\/span><span role=\"presentation\" dir=\"ltr\">Solarthermie und W\u00e4rmepumpe System<\/span><\/p>\t\t\t\t\t\t<\/div>\n\t\t\t\t<\/div>\n\t\t\t\t\t<\/div>\n\t\t<\/div>\n\t\t\t\t<div class=\"elementor-column elementor-col-33 elementor-inner-column elementor-element elementor-element-6d0edc8b\" data-id=\"6d0edc8b\" data-element_type=\"column\">\n\t\t\t<div class=\"elementor-widget-wrap elementor-element-populated\">\n\t\t\t\t\t\t<div class=\"elementor-element elementor-element-2db98a1 elementor-widget elementor-widget-text-editor\" data-id=\"2db98a1\" data-element_type=\"widget\" data-widget_type=\"text-editor.default\">\n\t\t\t\t<div class=\"elementor-widget-container\">\n\t\t\t\t\t\t\t<p>Mit unserem<strong><a href=\"https:\/\/gruen-leben.com\/strom\/#gl-strom-plus\"> GL-STROM Plus<\/a> Packet <\/strong>laden Sie Ihr Nutzfahrzeug oder Dienstwagen maximal Umweltfreundlich.<\/p>\t\t\t\t\t\t<\/div>\n\t\t\t\t<\/div>\n\t\t\t\t\t<\/div>\n\t\t<\/div>\n\t\t\t\t\t<\/div>\n\t\t<\/section>\n\t\t\t\t\t<\/div>\n\t\t<\/div>\n\t\t\t\t\t<\/div>\n\t\t<\/section>\n\t\t\t\t<section class=\"elementor-section elementor-top-section elementor-element elementor-element-6ef2b13 elementor-section-boxed elementor-section-height-default elementor-section-height-default\" data-id=\"6ef2b13\" data-element_type=\"section\" data-settings=\"{&quot;background_background&quot;:&quot;classic&quot;}\">\n\t\t\t\t\t\t<div class=\"elementor-container elementor-column-gap-default\">\n\t\t\t\t\t<div class=\"elementor-column elementor-col-50 elementor-top-column elementor-element elementor-element-cdebb1a\" data-id=\"cdebb1a\" data-element_type=\"column\">\n\t\t\t<div class=\"elementor-widget-wrap elementor-element-populated\">\n\t\t\t\t\t\t<div class=\"elementor-element elementor-element-f622aff elementor-widget elementor-widget-image\" data-id=\"f622aff\" data-element_type=\"widget\" data-widget_type=\"image.default\">\n\t\t\t\t<div class=\"elementor-widget-container\">\n\t\t\t\t\t\t\t\t\t\t\t\t\t\t<a href=\"https:\/\/gruen-leben.com\/privatkunden\/\">\n\t\t\t\t\t\t\t<img decoding=\"async\" width=\"590\" height=\"400\" src=\"https:\/\/gruen-leben.com\/wp-content\/uploads\/2022\/08\/Eigenheim.png\" class=\"elementor-animation-grow attachment-full size-full wp-image-3549\" alt=\"Photovoltaikanlage f\u00fcr den Eigenheim\" srcset=\"https:\/\/gruen-leben.com\/wp-content\/uploads\/2022\/08\/Eigenheim.png 590w, https:\/\/gruen-leben.com\/wp-content\/uploads\/2022\/08\/Eigenheim-300x203.png 300w\" sizes=\"(max-width: 590px) 100vw, 590px\" \/>\t\t\t\t\t\t\t\t<\/a>\n\t\t\t\t\t\t\t\t\t\t\t\t\t<\/div>\n\t\t\t\t<\/div>\n\t\t\t\t<div class=\"elementor-element elementor-element-3765013 elementor-widget elementor-widget-heading\" data-id=\"3765013\" data-element_type=\"widget\" data-widget_type=\"heading.default\">\n\t\t\t\t<div class=\"elementor-widget-container\">\n\t\t\t<h3 class=\"elementor-heading-title elementor-size-default\"><a href=\"https:\/\/gruen-leben.com\/eigenheim\/\">Eigenheim<\/a><\/h3>\t\t<\/div>\n\t\t\t\t<\/div>\n\t\t\t\t\t<\/div>\n\t\t<\/div>\n\t\t\t\t<div class=\"elementor-column elementor-col-50 elementor-top-column elementor-element elementor-element-3f9c53d\" data-id=\"3f9c53d\" data-element_type=\"column\">\n\t\t\t<div class=\"elementor-widget-wrap elementor-element-populated\">\n\t\t\t\t\t\t<div class=\"elementor-element elementor-element-2db5adc5 elementor-widget elementor-widget-image\" data-id=\"2db5adc5\" data-element_type=\"widget\" data-widget_type=\"image.default\">\n\t\t\t\t<div class=\"elementor-widget-container\">\n\t\t\t\t\t\t\t\t\t\t\t\t\t\t<a href=\"https:\/\/gruen-leben.com\/gewerbe-und-industrie\/\/\">\n\t\t\t\t\t\t\t<img decoding=\"async\" width=\"590\" height=\"400\" src=\"https:\/\/gruen-leben.com\/wp-content\/uploads\/2022\/08\/Solar-Gewerbe-und-Industrie.png\" class=\"elementor-animation-grow attachment-full size-full wp-image-3533\" alt=\"Photovoltaik-Anlage-Solarstrom-Gewerbe-und-Industrie\" srcset=\"https:\/\/gruen-leben.com\/wp-content\/uploads\/2022\/08\/Solar-Gewerbe-und-Industrie.png 590w, https:\/\/gruen-leben.com\/wp-content\/uploads\/2022\/08\/Solar-Gewerbe-und-Industrie-300x203.png 300w\" sizes=\"(max-width: 590px) 100vw, 590px\" \/>\t\t\t\t\t\t\t\t<\/a>\n\t\t\t\t\t\t\t\t\t\t\t\t\t<\/div>\n\t\t\t\t<\/div>\n\t\t\t\t<div class=\"elementor-element elementor-element-1c4bd65 elementor-widget elementor-widget-heading\" data-id=\"1c4bd65\" data-element_type=\"widget\" data-widget_type=\"heading.default\">\n\t\t\t\t<div class=\"elementor-widget-container\">\n\t\t\t<h3 class=\"elementor-heading-title elementor-size-default\"><a href=\"https:\/\/gruen-leben.com\/gewerbe-und-industrie\/\">Gewerbe und Industrie<\/a><\/h3>\t\t<\/div>\n\t\t\t\t<\/div>\n\t\t\t\t\t<\/div>\n\t\t<\/div>\n\t\t\t\t\t<\/div>\n\t\t<\/section>\n\t\t\t\t<section class=\"elementor-section elementor-top-section elementor-element elementor-element-44f0eca7 elementor-section-content-middle elementor-reverse-mobile elementor-section-boxed elementor-section-height-default elementor-section-height-default\" data-id=\"44f0eca7\" data-element_type=\"section\" data-settings=\"{&quot;background_background&quot;:&quot;classic&quot;}\">\n\t\t\t\t\t\t<div class=\"elementor-container elementor-column-gap-no\">\n\t\t\t\t\t<div class=\"elementor-column elementor-col-50 elementor-top-column elementor-element elementor-element-3d010fdb\" data-id=\"3d010fdb\" data-element_type=\"column\">\n\t\t\t<div class=\"elementor-widget-wrap elementor-element-populated\">\n\t\t\t\t\t\t<div class=\"elementor-element elementor-element-13d806dc elementor-widget elementor-widget-heading\" data-id=\"13d806dc\" data-element_type=\"widget\" data-widget_type=\"heading.default\">\n\t\t\t\t<div class=\"elementor-widget-container\">\n\t\t\t<h4 class=\"elementor-heading-title elementor-size-default\">Partner f\u00fcr langfristige Kooperationen<\/h4>\t\t<\/div>\n\t\t\t\t<\/div>\n\t\t\t\t<div class=\"elementor-element elementor-element-9e212c7 elementor-widget elementor-widget-text-editor\" data-id=\"9e212c7\" data-element_type=\"widget\" data-widget_type=\"text-editor.default\">\n\t\t\t\t<div class=\"elementor-widget-container\">\n\t\t\t\t\t\t\t<p>Wir entwickeln unser Gesch\u00e4ft stets weiter und haben die Vision davon, durch ein bundesweites Netzwerk regionaler Unternehmen die Energiewende gewinnbringend und partnerschaftlich zu bef\u00f6rdern!<\/p><p>Haben Sie ein Interesse an einer langfristigen Zusammenarbeit mit uns? Schreiben Sie uns, wir freuen uns \u00fcber Sie.<\/p>\t\t\t\t\t\t<\/div>\n\t\t\t\t<\/div>\n\t\t\t\t<div class=\"elementor-element elementor-element-57a7aa21 elementor-mobile-align-center elementor-widget elementor-widget-button\" data-id=\"57a7aa21\" data-element_type=\"widget\" data-widget_type=\"button.default\">\n\t\t\t\t<div class=\"elementor-widget-container\">\n\t\t\t\t\t\t\t<div class=\"elementor-button-wrapper\">\n\t\t\t\t\t<a class=\"elementor-button elementor-button-link elementor-size-sm elementor-animation-grow\" href=\"https:\/\/gruen-leben.com\/kontakt\/\">\n\t\t\t\t\t\t<span class=\"elementor-button-content-wrapper\">\n\t\t\t\t\t\t\t\t\t<span class=\"elementor-button-text\">Partnerschaftsanfrage<\/span>\n\t\t\t\t\t<\/span>\n\t\t\t\t\t<\/a>\n\t\t\t\t<\/div>\n\t\t\t\t\t\t<\/div>\n\t\t\t\t<\/div>\n\t\t\t\t\t<\/div>\n\t\t<\/div>\n\t\t\t\t<div class=\"elementor-column elementor-col-50 elementor-top-column elementor-element elementor-element-4bd7758d\" data-id=\"4bd7758d\" data-element_type=\"column\">\n\t\t\t<div class=\"elementor-widget-wrap elementor-element-populated\">\n\t\t\t\t\t\t<div class=\"elementor-element elementor-element-2e35d0a1 elementor-widget elementor-widget-image\" data-id=\"2e35d0a1\" data-element_type=\"widget\" data-widget_type=\"image.default\">\n\t\t\t\t<div class=\"elementor-widget-container\">\n\t\t\t\t\t\t\t\t\t\t\t\t\t<img loading=\"lazy\" decoding=\"async\" width=\"402\" height=\"602\" src=\"https:\/\/gruen-leben.com\/wp-content\/uploads\/2022\/08\/partner-2.png\" class=\"attachment-medium_large size-medium_large wp-image-4019\" alt=\"partner\" srcset=\"https:\/\/gruen-leben.com\/wp-content\/uploads\/2022\/08\/partner-2.png 402w, https:\/\/gruen-leben.com\/wp-content\/uploads\/2022\/08\/partner-2-200x300.png 200w\" sizes=\"(max-width: 402px) 100vw, 402px\" \/>\t\t\t\t\t\t\t\t\t\t\t\t\t<\/div>\n\t\t\t\t<\/div>\n\t\t\t\t\t<\/div>\n\t\t<\/div>\n\t\t\t\t\t<\/div>\n\t\t<\/section>\n\t\t\t\t<section class=\"elementor-section elementor-top-section elementor-element elementor-element-45d0607c elementor-section-content-middle elementor-section-boxed elementor-section-height-default elementor-section-height-default\" data-id=\"45d0607c\" data-element_type=\"section\" data-settings=\"{&quot;background_background&quot;:&quot;classic&quot;}\">\n\t\t\t\t\t\t<div class=\"elementor-container elementor-column-gap-no\">\n\t\t\t\t\t<div class=\"elementor-column elementor-col-100 elementor-top-column elementor-element elementor-element-1c8edb27\" data-id=\"1c8edb27\" data-element_type=\"column\">\n\t\t\t<div class=\"elementor-widget-wrap elementor-element-populated\">\n\t\t\t\t\t\t<div class=\"elementor-element elementor-element-25ebb2c2 elementor-widget elementor-widget-heading\" data-id=\"25ebb2c2\" data-element_type=\"widget\" data-widget_type=\"heading.default\">\n\t\t\t\t<div class=\"elementor-widget-container\">\n\t\t\t<h4 class=\"elementor-heading-title elementor-size-default\">Angebot einholen<\/h4>\t\t<\/div>\n\t\t\t\t<\/div>\n\t\t\t\t<div class=\"elementor-element elementor-element-7f214b1 elementor-widget elementor-widget-heading\" data-id=\"7f214b1\" data-element_type=\"widget\" data-widget_type=\"heading.default\">\n\t\t\t\t<div class=\"elementor-widget-container\">\n\t\t\t<h6 class=\"elementor-heading-title elementor-size-default\">Jetzt Ihr pers\u00f6nliches und  unverbindliches Angebot einholen!<\/h6>\t\t<\/div>\n\t\t\t\t<\/div>\n\t\t\t\t<div class=\"elementor-element elementor-element-760dbffc elementor-widget elementor-widget-text-editor\" data-id=\"760dbffc\" data-element_type=\"widget\" data-widget_type=\"text-editor.default\">\n\t\t\t\t<div class=\"elementor-widget-container\">\n\t\t\t\t\t\t\t<p><span>Sie m\u00f6chten Ihren eigenen <a href=\"https:\/\/gruen-leben.com\/strom\/\">Strom<\/a> und Ihre eigene <a href=\"https:\/\/gruen-leben.com\/waerme\/\">W\u00e4rme<\/a> aus Sonnenenergie erzeugen? Hier finden Sie Ihre ma\u00dfgeschneiderte Photovoltaik- und Solarthermie-Anlage auch in Kombination mit W\u00e4rmepumpe und <a href=\"https:\/\/gruen-leben.com\/elektromobilitaet\/\">Elektromobilit\u00e4t<\/a> Ladeeinrichtung. <\/span><\/p>\t\t\t\t\t\t<\/div>\n\t\t\t\t<\/div>\n\t\t\t\t<div class=\"elementor-element elementor-element-1b65a9da elementor-align-center elementor-widget elementor-widget-button\" data-id=\"1b65a9da\" data-element_type=\"widget\" data-widget_type=\"button.default\">\n\t\t\t\t<div class=\"elementor-widget-container\">\n\t\t\t\t\t\t\t<div class=\"elementor-button-wrapper\">\n\t\t\t\t\t<a class=\"elementor-button elementor-button-link elementor-size-sm elementor-animation-grow\" href=\"https:\/\/gruen-leben.com\/angebotsanfrage\/\">\n\t\t\t\t\t\t<span class=\"elementor-button-content-wrapper\">\n\t\t\t\t\t\t\t\t\t<span class=\"elementor-button-text\">Angebot einholen<\/span>\n\t\t\t\t\t<\/span>\n\t\t\t\t\t<\/a>\n\t\t\t\t<\/div>\n\t\t\t\t\t\t<\/div>\n\t\t\t\t<\/div>\n\t\t\t\t\t<\/div>\n\t\t<\/div>\n\t\t\t\t\t<\/div>\n\t\t<\/section>\n\t\t\t\t<\/div>\n\t\t","protected":false},"excerpt":{"rendered":"<p>Solarenergie L\u00f6sungen Ma\u00dfgeschneiderte Strom\u2013 und W\u00e4rmeerzeugung mit einer optimierten Nutzungsstrategie. STROM Mit unserem Solarpaket GL-STROM treffen Sie die richtige Wahl, wenn Sie mit Ihrer eigenen Photovoltaik-Anlage Solarstrom erzeugen wollen. W\u00c4RME Unser Packet GL-W\u00c4RME hat f\u00fcr jeden W\u00e4rmeenergiebedarf bzw. Heizungsbedarf das passende Solarthermie und W\u00e4rmepumpe System E-MOBILIT\u00c4T Mit unserem GL-STROM Plus Packet laden Sie Ihr Nutzfahrzeug [&hellip;]<\/p>\n","protected":false},"author":1,"featured_media":0,"parent":0,"menu_order":0,"comment_status":"closed","ping_status":"closed","template":"","meta":{"footnotes":""},"class_list":["post-1565","page","type-page","status-publish","hentry"],"_links":{"self":[{"href":"https:\/\/gruen-leben.com\/en\/wp-json\/wp\/v2\/pages\/1565","targetHints":{"allow":["GET"]}}],"collection":[{"href":"https:\/\/gruen-leben.com\/en\/wp-json\/wp\/v2\/pages"}],"about":[{"href":"https:\/\/gruen-leben.com\/en\/wp-json\/wp\/v2\/types\/page"}],"author":[{"embeddable":true,"href":"https:\/\/gruen-leben.com\/en\/wp-json\/wp\/v2\/users\/1"}],"replies":[{"embeddable":true,"href":"https:\/\/gruen-leben.com\/en\/wp-json\/wp\/v2\/comments?post=1565"}],"version-history":[{"count":11,"href":"https:\/\/gruen-leben.com\/en\/wp-json\/wp\/v2\/pages\/1565\/revisions"}],"predecessor-version":[{"id":5326,"href":"https:\/\/gruen-leben.com\/en\/wp-json\/wp\/v2\/pages\/1565\/revisions\/5326"}],"wp:attachment":[{"href":"https:\/\/gruen-leben.com\/en\/wp-json\/wp\/v2\/media?parent=1565"}],"curies":[{"name":"wp","href":"https:\/\/api.w.org\/{rel}","templated":true}]}}