{"id":640,"date":"2019-12-12T09:28:44","date_gmt":"2019-12-12T09:28:44","guid":{"rendered":"http:\/\/irecco.wgl-demo.net\/?page_id=640"},"modified":"2022-08-12T16:16:50","modified_gmt":"2022-08-12T14:16:50","slug":"kontakt","status":"publish","type":"page","link":"http:\/\/gruen-leben.com\/en\/kontakt\/","title":{"rendered":"Contact"},"content":{"rendered":"\t\t<div data-elementor-type=\"wp-page\" data-elementor-id=\"640\" class=\"elementor elementor-640\">\n\t\t\t\t\t\t<section class=\"elementor-section elementor-top-section elementor-element elementor-element-b0bb519 elementor-section-content-middle elementor-section-boxed elementor-section-height-default elementor-section-height-default\" data-id=\"b0bb519\" data-element_type=\"section\" data-settings=\"{&quot;background_background&quot;:&quot;classic&quot;}\">\n\t\t\t\t\t\t<div class=\"elementor-container elementor-column-gap-no\">\n\t\t\t\t\t<div class=\"elementor-column elementor-col-100 elementor-top-column elementor-element elementor-element-65cb9f7\" data-id=\"65cb9f7\" data-element_type=\"column\">\n\t\t\t<div class=\"elementor-widget-wrap elementor-element-populated\">\n\t\t\t\t\t\t<div class=\"elementor-element elementor-element-0e9e63b elementor-widget elementor-widget-heading\" data-id=\"0e9e63b\" data-element_type=\"widget\" data-widget_type=\"heading.default\">\n\t\t\t\t<div class=\"elementor-widget-container\">\n\t\t\t<h3 class=\"elementor-heading-title elementor-size-default\">Wir freuen uns \u00fcber Ihre Nachricht<\/h3>\t\t<\/div>\n\t\t\t\t<\/div>\n\t\t\t\t<div class=\"elementor-element elementor-element-8e963fc elementor-widget elementor-widget-heading\" data-id=\"8e963fc\" data-element_type=\"widget\" data-widget_type=\"heading.default\">\n\t\t\t\t<div class=\"elementor-widget-container\">\n\t\t\t<h1 class=\"elementor-heading-title elementor-size-default\">KONTAKT<\/h1>\t\t<\/div>\n\t\t\t\t<\/div>\n\t\t\t\t<div class=\"elementor-element elementor-element-81f6bc0 elementor-widget elementor-widget-heading\" data-id=\"81f6bc0\" data-element_type=\"widget\" data-widget_type=\"heading.default\">\n\t\t\t\t<div class=\"elementor-widget-container\">\n\t\t\t<p class=\"elementor-heading-title elementor-size-default\">Wir freuen uns \u00fcber Ihre R\u00fcckmeldungen und sind bem\u00fcht, Ihre Anregungen und Fragen schnellstm\u00f6glich zu beantworten. <\/p>\t\t<\/div>\n\t\t\t\t<\/div>\n\t\t\t\t\t<\/div>\n\t\t<\/div>\n\t\t\t\t\t<\/div>\n\t\t<\/section>\n\t\t<div class=\"elementor-element elementor-element-8415767 e-flex e-con-boxed e-con e-parent\" data-id=\"8415767\" data-element_type=\"container\">\n\t\t\t\t\t<div class=\"e-con-inner\">\n\t\t<div class=\"elementor-element elementor-element-b54e7b2 e-con-full e-flex e-con e-parent\" data-id=\"b54e7b2\" data-element_type=\"container\">\n\t\t\t\t<\/div>\n\t\t<div class=\"elementor-element elementor-element-7016e12 e-con-full e-flex e-con e-parent\" data-id=\"7016e12\" data-element_type=\"container\">\n\t\t\t\t<div class=\"elementor-element elementor-element-3d2bed7 elementor-widget elementor-widget-text-editor\" data-id=\"3d2bed7\" data-element_type=\"widget\" data-widget_type=\"text-editor.default\">\n\t\t\t\t<div class=\"elementor-widget-container\">\n\t\t\t\t\t\t\t<p><div class=\"cf7sg-container cf7sg-not-grid\"><div id=\"cf7sg-form-kontaktformular-1\" class=\"cf7-smart-grid  key_kontaktformular-1\">\n<div class=\"wpcf7 no-js\" id=\"wpcf7-f7-o1\" lang=\"de-DE\" dir=\"ltr\" data-wpcf7-id=\"7\">\n<div class=\"screen-reader-response\"><p role=\"status\" aria-live=\"polite\" aria-atomic=\"true\"><\/p> <ul><\/ul><\/div>\n<form action=\"\/en\/wp-json\/wp\/v2\/pages\/640#wpcf7-f7-o1\" method=\"post\" class=\"wpcf7-form init\" aria-label=\"Kontaktformular\" enctype=\"multipart\/form-data\" novalidate=\"novalidate\" data-status=\"init\">\n<fieldset class=\"hidden-fields-container\"><input type=\"hidden\" name=\"_wpcf7\" value=\"7\" \/><input type=\"hidden\" name=\"_wpcf7_version\" value=\"6.1.5\" \/><input type=\"hidden\" name=\"_wpcf7_locale\" value=\"de_DE\" \/><input type=\"hidden\" name=\"_wpcf7_unit_tag\" value=\"wpcf7-f7-o1\" \/><input type=\"hidden\" name=\"_wpcf7_container_post\" value=\"0\" \/><input type=\"hidden\" name=\"_wpcf7_posted_data_hash\" value=\"\" \/><input type=\"hidden\" name=\"_uacf7_hidden_conditional_fields\" value=\"\" \/><input type=\"hidden\" name=\"_wpcf7_key\" value=\"kontaktformular-1\" \/><input type=\"hidden\" name=\"_cf7sg_toggles\" value=\"\" \/><input type=\"hidden\" name=\"_cf7sg_version\" value=\"4.15.8\" \/><input type=\"hidden\" name=\"_wpnonce\" value=\"c127114806\" \/>\n<\/fieldset>\n<div class=\"uacf7-form-wrapper-container uacf7-form-7  \"><label> Anrede \n  <span class=\"wpcf7-form-control-wrap\" data-name=\"Anrede\"><select class=\"wpcf7-form-control wpcf7-select\" aria-invalid=\"false\" name=\"Anrede\"><option value=\"Herr\">Herr<\/option><option value=\"Frau\">Frau<\/option><\/select><\/span><\/label>\n<label> Vorname\n  <span class=\"wpcf7-form-control-wrap\" data-name=\"Vorname\"><input size=\"40\" maxlength=\"400\" class=\"wpcf7-form-control wpcf7-text wpcf7-validates-as-required\" aria-required=\"true\" aria-invalid=\"false\" value=\"\" type=\"text\" name=\"Vorname\" \/><\/span> <\/label>\n<label> Nachname\n  <span class=\"wpcf7-form-control-wrap\" data-name=\"Nachname\"><input size=\"40\" maxlength=\"400\" class=\"wpcf7-form-control wpcf7-text wpcf7-validates-as-required\" aria-required=\"true\" aria-invalid=\"false\" value=\"\" type=\"text\" name=\"Nachname\" \/><\/span> <\/label>\n<label> E-Mail-Adresse\n  <span class=\"wpcf7-form-control-wrap\" data-name=\"your-email\"><input size=\"40\" maxlength=\"400\" class=\"wpcf7-form-control wpcf7-email wpcf7-validates-as-required wpcf7-text wpcf7-validates-as-email\" aria-required=\"true\" aria-invalid=\"false\" value=\"\" type=\"email\" name=\"your-email\" \/><\/span> <\/label>\n<label> Telefonnummer\n  <span class=\"wpcf7-form-control-wrap\" data-name=\"Telefon\"><input size=\"40\" maxlength=\"400\" class=\"wpcf7-form-control wpcf7-tel wpcf7-text wpcf7-validates-as-tel\" aria-invalid=\"false\" value=\"\" type=\"tel\" name=\"Telefon\" \/><\/span> <\/label>\n<label> Betreff\n  <span class=\"wpcf7-form-control-wrap\" data-name=\"your-subject\"><input size=\"40\" maxlength=\"400\" class=\"wpcf7-form-control wpcf7-text wpcf7-validates-as-required\" aria-required=\"true\" aria-invalid=\"false\" value=\"\" type=\"text\" name=\"your-subject\" \/><\/span> <\/label>\n<label> Ihre Nachricht\n  <span class=\"wpcf7-form-control-wrap\" data-name=\"your-message\"><textarea cols=\"40\" rows=\"10\" maxlength=\"2000\" class=\"wpcf7-form-control wpcf7-textarea wpcf7-validates-as-required\" aria-required=\"true\" aria-invalid=\"false\" name=\"your-message\"><\/textarea><\/span> <\/label>\n<label> Anhang \n  <span class=\"wpcf7-form-control-wrap\" data-name=\"Anhang\"><input size=\"40\" class=\"wpcf7-form-control wpcf7-file\" accept=\".pdf,.jpg,.png\" aria-invalid=\"false\" type=\"file\" name=\"Anhang\" \/><\/span><\/label>\n<label><span class=\"wpcf7-form-control-wrap\" data-name=\"DatenschutzAnnahme\"><span class=\"wpcf7-form-control wpcf7-acceptance\"><span class=\"wpcf7-list-item\"><label><input type=\"checkbox\" name=\"DatenschutzAnnahme\" value=\"1\" aria-invalid=\"false\" \/><span class=\"wpcf7-list-item-label\">Ich habe die <a href=\"https:\/\/gruen-leben.com\/datenschutz\/\">Datenschutzerkl\u00e4rung<\/a> zur Kenntnis genommen. Ich stimme zu, dass meine Angaben und Daten zur Beantwortung meiner Anfrage elektronisch erhoben und gespeichert werden. Hinweis: Sie k\u00f6nnen Ihre Einwilligung jederzeit f\u00fcr die Zukunft per E-Mail an info@gruen-leben.com widerrufen.<\/span><\/label><\/span><\/span><\/span><\/label>\n[f12_captcha f12_captcha-582 captcha:image]\n<input class=\"wpcf7-form-control wpcf7-submit has-spinner\" type=\"submit\" value=\"Senden\" \/><\/div><div class=\"wpcf7-response-output\" aria-hidden=\"true\"><\/div>\n<\/form>\n<\/div>\n<\/div><\/div><\/p>\t\t\t\t\t\t<\/div>\n\t\t\t\t<\/div>\n\t\t\t\t<\/div>\n\t\t<div class=\"elementor-element elementor-element-49ede07 e-con-full e-flex e-con e-parent\" data-id=\"49ede07\" data-element_type=\"container\">\n\t\t\t\t<\/div>\n\t\t\t\t\t<\/div>\n\t\t\t\t<\/div>\n\t\t\t\t<\/div>\n\t\t","protected":false},"excerpt":{"rendered":"<p>Wir freuen uns \u00fcber Ihre Nachricht KONTAKT Wir freuen uns \u00fcber Ihre R\u00fcckmeldungen und sind bem\u00fcht, Ihre Anregungen und Fragen schnellstm\u00f6glich zu beantworten.<\/p>","protected":false},"author":1,"featured_media":0,"parent":0,"menu_order":0,"comment_status":"closed","ping_status":"closed","template":"","meta":{"footnotes":""},"class_list":["post-640","page","type-page","status-publish","hentry"],"_links":{"self":[{"href":"http:\/\/gruen-leben.com\/en\/wp-json\/wp\/v2\/pages\/640","targetHints":{"allow":["GET"]}}],"collection":[{"href":"http:\/\/gruen-leben.com\/en\/wp-json\/wp\/v2\/pages"}],"about":[{"href":"http:\/\/gruen-leben.com\/en\/wp-json\/wp\/v2\/types\/page"}],"author":[{"embeddable":true,"href":"http:\/\/gruen-leben.com\/en\/wp-json\/wp\/v2\/users\/1"}],"replies":[{"embeddable":true,"href":"http:\/\/gruen-leben.com\/en\/wp-json\/wp\/v2\/comments?post=640"}],"version-history":[{"count":6,"href":"http:\/\/gruen-leben.com\/en\/wp-json\/wp\/v2\/pages\/640\/revisions"}],"predecessor-version":[{"id":4936,"href":"http:\/\/gruen-leben.com\/en\/wp-json\/wp\/v2\/pages\/640\/revisions\/4936"}],"wp:attachment":[{"href":"http:\/\/gruen-leben.com\/en\/wp-json\/wp\/v2\/media?parent=640"}],"curies":[{"name":"wp","href":"https:\/\/api.w.org\/{rel}","templated":true}]}}